{"id":2552,"date":"2016-03-07T19:34:43","date_gmt":"2016-03-07T19:34:43","guid":{"rendered":"http:\/\/blog.lutz-kolbe.com\/?page_id=2552"},"modified":"2022-10-09T15:43:33","modified_gmt":"2022-10-09T15:43:33","slug":"ferienhaus-honeymoon-suite","status":"publish","type":"page","link":"http:\/\/blog.lutz-kolbe.com\/?page_id=2552","title":{"rendered":"&#8222;Honeymoon-Suite&#8220;"},"content":{"rendered":"\n<div class=\"wp-block-group\"><div class=\"wp-block-group__inner-container is-layout-flow wp-block-group-is-layout-flow\">\n<p><a href=\"http:\/\/www.ferienhaus-faial-azoren.de\" rel=\"attachment wp-att-2553\">&nbsp;www.ferienhaus-faial-azoren.de<\/a><\/p>\n\n\n\n<figure class=\"wp-block-gallery has-nested-images columns-default is-cropped wp-block-gallery-1 is-layout-flex wp-block-gallery-is-layout-flex\">\n<figure class=\"wp-block-image size-full is-style-default\"><a href=\"http:\/\/blog.lutz-kolbe.com\/wp-content\/uploads\/2016\/03\/20160221_173339-1.jpg\"><img loading=\"lazy\" decoding=\"async\" width=\"4128\" height=\"2322\" data-id=\"2703\" src=\"http:\/\/blog.lutz-kolbe.com\/wp-content\/uploads\/2016\/03\/20160221_173339-1.jpg\" alt=\"20160221_173339\" class=\"wp-image-2703\" srcset=\"http:\/\/blog.lutz-kolbe.com\/wp-content\/uploads\/2016\/03\/20160221_173339-1.jpg 4128w, http:\/\/blog.lutz-kolbe.com\/wp-content\/uploads\/2016\/03\/20160221_173339-1-300x169.jpg 300w, http:\/\/blog.lutz-kolbe.com\/wp-content\/uploads\/2016\/03\/20160221_173339-1-768x432.jpg 768w, http:\/\/blog.lutz-kolbe.com\/wp-content\/uploads\/2016\/03\/20160221_173339-1-1024x576.jpg 1024w\" sizes=\"auto, (max-width: 4128px) 100vw, 4128px\" \/><\/a><\/figure>\n\n\n\n<figure class=\"wp-block-image size-full is-style-default\"><a href=\"http:\/\/blog.lutz-kolbe.com\/wp-content\/uploads\/2016\/03\/20160221_173350.jpg\"><img loading=\"lazy\" decoding=\"async\" width=\"4128\" height=\"2322\" data-id=\"2704\" src=\"http:\/\/blog.lutz-kolbe.com\/wp-content\/uploads\/2016\/03\/20160221_173350.jpg\" alt=\"20160221_173350\" class=\"wp-image-2704\" srcset=\"http:\/\/blog.lutz-kolbe.com\/wp-content\/uploads\/2016\/03\/20160221_173350.jpg 4128w, http:\/\/blog.lutz-kolbe.com\/wp-content\/uploads\/2016\/03\/20160221_173350-300x169.jpg 300w, http:\/\/blog.lutz-kolbe.com\/wp-content\/uploads\/2016\/03\/20160221_173350-768x432.jpg 768w, http:\/\/blog.lutz-kolbe.com\/wp-content\/uploads\/2016\/03\/20160221_173350-1024x576.jpg 1024w\" sizes=\"auto, (max-width: 4128px) 100vw, 4128px\" \/><\/a><\/figure>\n\n\n\n<figure class=\"wp-block-image size-full is-style-default\"><a href=\"http:\/\/blog.lutz-kolbe.com\/wp-content\/uploads\/2016\/03\/20160221_173515-e1462096688224.jpg\"><img loading=\"lazy\" decoding=\"async\" width=\"2322\" height=\"4128\" data-id=\"2705\" src=\"http:\/\/blog.lutz-kolbe.com\/wp-content\/uploads\/2016\/03\/20160221_173515-e1462096688224.jpg\" alt=\"20160221_173515\" class=\"wp-image-2705\" srcset=\"http:\/\/blog.lutz-kolbe.com\/wp-content\/uploads\/2016\/03\/20160221_173515-e1462096688224.jpg 2322w, http:\/\/blog.lutz-kolbe.com\/wp-content\/uploads\/2016\/03\/20160221_173515-e1462096688224-169x300.jpg 169w, http:\/\/blog.lutz-kolbe.com\/wp-content\/uploads\/2016\/03\/20160221_173515-e1462096688224-768x1365.jpg 768w, http:\/\/blog.lutz-kolbe.com\/wp-content\/uploads\/2016\/03\/20160221_173515-e1462096688224-576x1024.jpg 576w\" sizes=\"auto, (max-width: 2322px) 100vw, 2322px\" \/><\/a><\/figure>\n\n\n\n<figure class=\"wp-block-image size-full is-style-default\"><a href=\"http:\/\/blog.lutz-kolbe.com\/wp-content\/uploads\/2016\/03\/20160221_173528-e1462096718309.jpg\"><img loading=\"lazy\" decoding=\"async\" width=\"2322\" height=\"4128\" data-id=\"2706\" src=\"http:\/\/blog.lutz-kolbe.com\/wp-content\/uploads\/2016\/03\/20160221_173528-e1462096718309.jpg\" alt=\"20160221_173528\" class=\"wp-image-2706\" srcset=\"http:\/\/blog.lutz-kolbe.com\/wp-content\/uploads\/2016\/03\/20160221_173528-e1462096718309.jpg 2322w, http:\/\/blog.lutz-kolbe.com\/wp-content\/uploads\/2016\/03\/20160221_173528-e1462096718309-169x300.jpg 169w, http:\/\/blog.lutz-kolbe.com\/wp-content\/uploads\/2016\/03\/20160221_173528-e1462096718309-768x1365.jpg 768w, http:\/\/blog.lutz-kolbe.com\/wp-content\/uploads\/2016\/03\/20160221_173528-e1462096718309-576x1024.jpg 576w\" sizes=\"auto, (max-width: 2322px) 100vw, 2322px\" \/><\/a><\/figure>\n\n\n\n<figure class=\"wp-block-image size-full is-style-default\"><a href=\"http:\/\/blog.lutz-kolbe.com\/wp-content\/uploads\/2016\/03\/20160501_095451-e1462096966165.jpg\"><img loading=\"lazy\" decoding=\"async\" width=\"2322\" height=\"4128\" data-id=\"2707\" src=\"http:\/\/blog.lutz-kolbe.com\/wp-content\/uploads\/2016\/03\/20160501_095451-e1462096966165.jpg\" alt=\"20160501_095451\" class=\"wp-image-2707\" srcset=\"http:\/\/blog.lutz-kolbe.com\/wp-content\/uploads\/2016\/03\/20160501_095451-e1462096966165.jpg 2322w, http:\/\/blog.lutz-kolbe.com\/wp-content\/uploads\/2016\/03\/20160501_095451-e1462096966165-169x300.jpg 169w, http:\/\/blog.lutz-kolbe.com\/wp-content\/uploads\/2016\/03\/20160501_095451-e1462096966165-768x1365.jpg 768w, http:\/\/blog.lutz-kolbe.com\/wp-content\/uploads\/2016\/03\/20160501_095451-e1462096966165-576x1024.jpg 576w\" sizes=\"auto, (max-width: 2322px) 100vw, 2322px\" \/><\/a><\/figure>\n\n\n\n<figure class=\"wp-block-image size-full is-style-default\"><a href=\"http:\/\/blog.lutz-kolbe.com\/wp-content\/uploads\/2016\/03\/20160501_095503.jpg\"><img loading=\"lazy\" decoding=\"async\" width=\"4128\" height=\"2322\" data-id=\"2708\" src=\"http:\/\/blog.lutz-kolbe.com\/wp-content\/uploads\/2016\/03\/20160501_095503.jpg\" alt=\"20160501_095503\" class=\"wp-image-2708\" srcset=\"http:\/\/blog.lutz-kolbe.com\/wp-content\/uploads\/2016\/03\/20160501_095503.jpg 4128w, http:\/\/blog.lutz-kolbe.com\/wp-content\/uploads\/2016\/03\/20160501_095503-300x169.jpg 300w, http:\/\/blog.lutz-kolbe.com\/wp-content\/uploads\/2016\/03\/20160501_095503-768x432.jpg 768w, http:\/\/blog.lutz-kolbe.com\/wp-content\/uploads\/2016\/03\/20160501_095503-1024x576.jpg 1024w\" sizes=\"auto, (max-width: 4128px) 100vw, 4128px\" \/><\/a><\/figure>\n\n\n\n<figure class=\"wp-block-image size-full is-style-default\"><a href=\"http:\/\/blog.lutz-kolbe.com\/wp-content\/uploads\/2016\/03\/20170818_191808.jpg\"><img loading=\"lazy\" decoding=\"async\" width=\"4128\" height=\"2322\" data-id=\"3838\" src=\"http:\/\/blog.lutz-kolbe.com\/wp-content\/uploads\/2016\/03\/20170818_191808.jpg\" alt=\"\" class=\"wp-image-3838\" srcset=\"http:\/\/blog.lutz-kolbe.com\/wp-content\/uploads\/2016\/03\/20170818_191808.jpg 4128w, http:\/\/blog.lutz-kolbe.com\/wp-content\/uploads\/2016\/03\/20170818_191808-300x169.jpg 300w, http:\/\/blog.lutz-kolbe.com\/wp-content\/uploads\/2016\/03\/20170818_191808-768x432.jpg 768w, http:\/\/blog.lutz-kolbe.com\/wp-content\/uploads\/2016\/03\/20170818_191808-1024x576.jpg 1024w\" sizes=\"auto, (max-width: 4128px) 100vw, 4128px\" \/><\/a><\/figure>\n\n\n\n<figure class=\"wp-block-image size-full is-style-default\"><a href=\"http:\/\/blog.lutz-kolbe.com\/wp-content\/uploads\/2016\/03\/20160826_152301-e1507364962683.jpg\"><img loading=\"lazy\" decoding=\"async\" width=\"2786\" height=\"2322\" data-id=\"3840\" src=\"http:\/\/blog.lutz-kolbe.com\/wp-content\/uploads\/2016\/03\/20160826_152301-e1507364962683.jpg\" alt=\"\" class=\"wp-image-3840\" srcset=\"http:\/\/blog.lutz-kolbe.com\/wp-content\/uploads\/2016\/03\/20160826_152301-e1507364962683.jpg 2786w, http:\/\/blog.lutz-kolbe.com\/wp-content\/uploads\/2016\/03\/20160826_152301-e1507364962683-300x250.jpg 300w, http:\/\/blog.lutz-kolbe.com\/wp-content\/uploads\/2016\/03\/20160826_152301-e1507364962683-768x640.jpg 768w, http:\/\/blog.lutz-kolbe.com\/wp-content\/uploads\/2016\/03\/20160826_152301-e1507364962683-1024x853.jpg 1024w\" sizes=\"auto, (max-width: 2786px) 100vw, 2786px\" \/><\/a><\/figure>\n\n\n\n<figure class=\"wp-block-image size-full is-style-default\"><a href=\"http:\/\/blog.lutz-kolbe.com\/wp-content\/uploads\/2020\/08\/IMG_20200809_143144-scaled.jpg\"><img loading=\"lazy\" decoding=\"async\" width=\"2560\" height=\"1440\" data-id=\"5597\" src=\"http:\/\/blog.lutz-kolbe.com\/wp-content\/uploads\/2020\/08\/IMG_20200809_143144-scaled.jpg\" alt=\"\" class=\"wp-image-5597\" srcset=\"http:\/\/blog.lutz-kolbe.com\/wp-content\/uploads\/2020\/08\/IMG_20200809_143144-scaled.jpg 2560w, http:\/\/blog.lutz-kolbe.com\/wp-content\/uploads\/2020\/08\/IMG_20200809_143144-300x169.jpg 300w, http:\/\/blog.lutz-kolbe.com\/wp-content\/uploads\/2020\/08\/IMG_20200809_143144-1024x576.jpg 1024w, http:\/\/blog.lutz-kolbe.com\/wp-content\/uploads\/2020\/08\/IMG_20200809_143144-768x432.jpg 768w, http:\/\/blog.lutz-kolbe.com\/wp-content\/uploads\/2020\/08\/IMG_20200809_143144-1536x864.jpg 1536w, http:\/\/blog.lutz-kolbe.com\/wp-content\/uploads\/2020\/08\/IMG_20200809_143144-2048x1152.jpg 2048w\" sizes=\"auto, (max-width: 2560px) 100vw, 2560px\" \/><\/a><\/figure>\n<\/figure>\n\n\n\n<p>Unsere Honeymoon-Suite steht f\u00fcr G\u00e4ste zur Verf\u00fcgung.<\/p>\n\n\n\n<p>Die Ausstattung:<br>&#8211; Wohn-\/Schlafzimmer mit gro\u00dfem Bett (180&#215;200)<br>&#8211; Sitzecke<br>&#8211; Bad, Dusche, F\u00f6hn<br>&#8211; K\u00fcche<br>&#8211; Fernseher mit Blueray-Player<br>&#8211; Internet<br>&#8211; Vollisoliert<br>&#8211; Eigene Terasse<br>&#8211; Gartennutzung<\/p>\n\n\n\n<p>Es ist f\u00fcr 2 Personen geeignet und kostet 55\u20ac pro Tag oder 350\u20ac pro Woche.<br>Die Reinigungspauschale betr\u00e4gt zus\u00e4tzlich 25\u20ac.<\/p>\n\n\n\n<p><a href=\"http:\/\/www.ferienhaus-faial-azoren.de\/\">www.ferienhaus-faial-azoren.de<\/a><\/p>\n<\/div><\/div>\n","protected":false},"excerpt":{"rendered":"<p>&nbsp;www.ferienhaus-faial-azoren.de Unsere Honeymoon-Suite steht f\u00fcr G\u00e4ste zur Verf\u00fcgung. Die Ausstattung:&#8211; Wohn-\/Schlafzimmer mit gro\u00dfem Bett (180&#215;200)&#8211; Sitzecke&#8211; Bad, Dusche, F\u00f6hn&#8211; K\u00fcche&#8211; Fernseher mit Blueray-Player&#8211; Internet&#8211; Vollisoliert&#8211; Eigene Terasse&#8211; Gartennutzung Es ist f\u00fcr 2 Personen geeignet und kostet 55\u20ac pro Tag oder &hellip; <a href=\"http:\/\/blog.lutz-kolbe.com\/?page_id=2552\">Weiterlesen <span class=\"meta-nav\">&rarr;<\/span><\/a><\/p>\n","protected":false},"author":1,"featured_media":0,"parent":0,"menu_order":0,"comment_status":"closed","ping_status":"closed","template":"","meta":{"footnotes":""},"class_list":["post-2552","page","type-page","status-publish","hentry"],"_links":{"self":[{"href":"http:\/\/blog.lutz-kolbe.com\/index.php?rest_route=\/wp\/v2\/pages\/2552","targetHints":{"allow":["GET"]}}],"collection":[{"href":"http:\/\/blog.lutz-kolbe.com\/index.php?rest_route=\/wp\/v2\/pages"}],"about":[{"href":"http:\/\/blog.lutz-kolbe.com\/index.php?rest_route=\/wp\/v2\/types\/page"}],"author":[{"embeddable":true,"href":"http:\/\/blog.lutz-kolbe.com\/index.php?rest_route=\/wp\/v2\/users\/1"}],"replies":[{"embeddable":true,"href":"http:\/\/blog.lutz-kolbe.com\/index.php?rest_route=%2Fwp%2Fv2%2Fcomments&post=2552"}],"version-history":[{"count":22,"href":"http:\/\/blog.lutz-kolbe.com\/index.php?rest_route=\/wp\/v2\/pages\/2552\/revisions"}],"predecessor-version":[{"id":6810,"href":"http:\/\/blog.lutz-kolbe.com\/index.php?rest_route=\/wp\/v2\/pages\/2552\/revisions\/6810"}],"wp:attachment":[{"href":"http:\/\/blog.lutz-kolbe.com\/index.php?rest_route=%2Fwp%2Fv2%2Fmedia&parent=2552"}],"curies":[{"name":"wp","href":"https:\/\/api.w.org\/{rel}","templated":true}]}}