{"id":4364,"date":"2018-05-27T10:01:03","date_gmt":"2018-05-27T10:01:03","guid":{"rendered":"http:\/\/blog.lutz-kolbe.com\/?page_id=4364"},"modified":"2018-09-02T09:13:27","modified_gmt":"2018-09-02T09:13:27","slug":"datenschutzerklaerung-2","status":"publish","type":"page","link":"http:\/\/blog.lutz-kolbe.com\/?page_id=4364","title":{"rendered":"Datenschutzerkl\u00e4rung:"},"content":{"rendered":"<h2>Wer wir sind<\/h2>\n<p>Die Adresse unserer Website ist: http:\/\/blog.lutz-kolbe.com.<\/p>\n<h2>Welche personenbezogenen Daten wir sammeln und warum wir sie sammeln<\/h2>\n<h3>Kommentare<\/h3>\n<p>Wenn Besucher Kommentare auf der Website schreiben, sammeln wir die Daten, die im Kommentar-Formular angezeigt werden, au\u00dferdem die IP-Adresse des Besuchers und den User-Agent-String (damit wird der Browser identifiziert), um die Erkennung von Spam zu unterst\u00fctzen.<\/p>\n<p>Aus deiner E-Mail-Adresse konnte eine anonymisierte Zeichenfolge erstellt (auch Hash genannt) und dem Gravatar-Dienst \u00fcbergeben werden, um zu pr\u00fcfen, ob du diesen benutzt. Die Datenschutzerkl\u00e4rung des Gravatar-Dienstes findest du hier: https:\/\/automattic.com\/privacy\/. Nachdem dein Kommentar freigegeben wurde, war dein Profilbild \u00f6ffentlich im Kontext deines Kommentars sichtbar.<\/p>\n<p>&nbsp;<\/p>\n<h3>Medien<\/h3>\n<p>Wenn du ein registrierter Benutzer bist und Fotos auf diese Website l\u00e4dst, solltest du vermeiden, Fotos mit einem EXIF-GPS-Standort hochzuladen. Besucher dieser Website k\u00f6nnten Fotos, die auf dieser Website gespeichert sind, herunterladen und deren Standort-Informationen extrahieren.<\/p>\n<p>&nbsp;<\/p>\n<h2>Fotos<\/h2>\n<p>auf Fotos erkennbare Personen werden vor Ver\u00f6ffentlichung um ihr Einverst\u00e4ndnis gebeten, das sie jederzeit widerrufen k\u00f6nnen. Wir stellen in diesem Fall die sofortige L\u00f6schung sicher.<\/p>\n<p>&nbsp;<\/p>\n<h3>Kontaktformulare<\/h3>\n<h3>Cookies<\/h3>\n<p>Wenn du einen Kommentar auf unserer Website schreibst, kann das eine Einwilligung sein, deinen Namen, E-Mail-Adresse und Website in Cookies zu speichern. Dies ist eine Komfortfunktion, damit du nicht, wenn du einen weiteren Kommentar schreibst, all diese Daten erneut eingeben musst. Diese Cookies werden ein Jahr lang gespeichert.<\/p>\n<p>Falls du ein Konto hast und dich auf dieser Website anmeldest, werden wir ein tempor\u00e4res Cookie setzen, um festzustellen, ob dein Browser Cookies akzeptiert. Dieses Cookie enth\u00e4lt keine personenbezogenen Daten und wird verworfen, wenn du deinen Browser schlie\u00dft.<\/p>\n<p>Wenn du dich anmeldest, werden wir einige Cookies einrichten, um deine Anmeldeinformationen und Anzeigeoptionen zu speichern. Anmelde-Cookies verfallen nach zwei Tagen und Cookies f\u00fcr die Anzeigeoptionen nach einem Jahr. Falls du bei der Anmeldung \u201eAngemeldet bleiben\u201c ausw\u00e4hlst, wird deine Anmeldung zwei Wochen lang aufrechterhalten. Mit der Abmeldung aus deinem Konto werden die Anmelde-Cookies gel\u00f6scht.<\/p>\n<p>Wenn du einen Artikel bearbeitest oder ver\u00f6ffentlichst, wird ein zus\u00e4tzlicher Cookie in deinem Browser gespeichert. Dieser Cookie enth\u00e4lt keine personenbezogenen Daten und verweist nur auf die Beitrags-ID des Artikels, den du gerade bearbeitet hast. Der Cookie verf\u00e4llt nach einem Tag.<\/p>\n<p>&nbsp;<\/p>\n<h3>Eingebettete Inhalte von anderen Websites<\/h3>\n<p>Beitr\u00e4ge auf dieser Website k\u00f6nnen eingebettete Inhalte beinhalten (z.\u00a0B. Videos, Bilder, Beitr\u00e4ge etc.). Eingebettete Inhalte von anderen Websites verhalten sich exakt so, als ob der Besucher die andere Website besucht h\u00e4tte.<\/p>\n<p>Diese Websites k\u00f6nnen Daten \u00fcber dich sammeln, Cookies benutzen, zus\u00e4tzliche Tracking-Dienste von Dritten einbetten und deine Interaktion mit diesem eingebetteten Inhalt aufzeichnen, inklusive deiner Interaktion mit dem eingebetteten Inhalt, falls du ein Konto hast und auf dieser Website angemeldet bist.<\/p>\n<p>&nbsp;<\/p>\n<h2>Analysedienste<\/h2>\n<p>Es werden von uns keinerlei Analysedienste benutzt, obwohl unser Provider ein rudiment\u00e4res Analysetool anbietet.<\/p>\n<p>&nbsp;<\/p>\n<h2>Mit wem wir deine Daten teilen<\/h2>\n<p>Wir selbst teilen deine Daten mit niemandem.<br \/>\nEs ist aber m\u00f6glich, dass unser Provider, in diesem Fall Strato, anonymisierte Daten f\u00fcr statistische Zwecke sammelt.<\/p>\n<p>&nbsp;<\/p>\n<h2>Wie lange wir deine Daten speichern<\/h2>\n<p>Wenn du einen Kommentar schreibst, wird dieser inklusive Metadaten zeitlich unbegrenzt gespeichert. Auf diese Art k\u00f6nnen wir Folgekommentare automatisch erkennen und freigeben, anstelle sie in einer Moderations-Warteschlange festzuhalten.<\/p>\n<p>F\u00fcr Benutzer, die sich auf unserer Website registrieren, speichern wir zus\u00e4tzlich die pers\u00f6nlichen Informationen, die sie in ihren Benutzerprofilen angeben. Alle Benutzer k\u00f6nnen jederzeit ihre pers\u00f6nlichen Informationen einsehen, ver\u00e4ndern oder l\u00f6schen (der Benutzername kann nicht ver\u00e4ndert werden). Administratoren der Website k\u00f6nnen diese Informationen ebenfalls einsehen und ver\u00e4ndern.<\/p>\n<p>&nbsp;<\/p>\n<h2>Welche Rechte du an deinen Daten hast<\/h2>\n<p>Wenn du ein Konto auf dieser Website besitzt oder Kommentare geschrieben hast, kannst du einen Export deiner personenbezogenen Daten bei uns anfordern, inklusive aller Daten, die du uns mitgeteilt hast. Dar\u00fcber hinaus kannst du die L\u00f6schung aller personenbezogenen Daten, die wir von dir gespeichert haben, anfordern. Dies umfasst nicht die Daten, die wir aufgrund administrativer, rechtlicher oder sicherheitsrelevanter Notwendigkeiten aufbewahren m\u00fcssen.<\/p>\n<p>&nbsp;<\/p>\n<h2>Wohin wir deine Daten senden<\/h2>\n<p>Besucher-Kommentare k\u00f6nnten von einem automatisierten Dienst zur Spam-Erkennung untersucht werden.<\/p>\n<p>&nbsp;<\/p>\n<h2>Kontakt-Informationen<\/h2>\n<p>Bei Fragen kontaktiere uns bitte unter<\/p>\n<p>datenschutz@lutz-kolbe.com<\/p>\n<p>&nbsp;<\/p>\n<h2>Weitere Informationen<\/h2>\n<h3>Wie wir deine Daten sch\u00fctzen<\/h3>\n<div class=\"contentpadding\">\n<p>Es ist uns wichtig, dass alle Daten gesch\u00fctzt sind, besonders die Informationen \u00fcber dich. Wir sammeln nur die Daten \u00fcber dich und deinen Computer, die wir unbedingt brauchen.<br \/>\nWir behalten die Daten immer nur so lange, wie wir sie unbedingt ben\u00f6tigen. Sobald wir sie nicht mehr brauchen, werden sie von uns vernichtet.<br \/>\nWir geben die Daten, die wir sammeln, nicht an andere weiter.<br \/>\nEs erscheinen von dir nur Daten im Blog, die du selbst eingegeben und freigegeben hast.<br \/>\nF\u00fcr den Inhalt auf anderen Internetseiten, die wir verlinkt haben, k\u00f6nnen wir trotz sorgf\u00e4ltiger Kontrolle keine Haftung \u00fcbernehmen.<\/p>\n<div class=\"clearme\"><\/div>\n<\/div>\n<div class=\"clearme\"><\/div>\n<h3>Welche Ma\u00dfnahmen wir bei Datenschutzverletzungen anbieten<\/h3>\n<p>Datenschutzverletzungen versuchen wir dadurch unm\u00f6glich bzw. uninteressant zu machen, dass die Datenmenge so klein wie m\u00f6glich gehalten wird.<\/p>\n<p>&nbsp;<\/p>\n<h3>Von welchen Drittanbietern wir Daten erhalten<\/h3>\n<p>Wir erhalten keine Daten von Drittanbietern.<\/p>\n<p>&nbsp;<\/p>\n<h3>Welche automatisierte Entscheidungsfindung und\/oder Profilerstellung wir mit Benutzerdaten durchf\u00fchren<\/h3>\n<p>Wir f\u00fchren keine Profilerstellung oder automatisierte Entscheidungsfindung durch.<\/p>\n<p>&nbsp;<\/p>\n<h3>Industrielle aufsichtsrechtliche Regulierungsanforderungen<\/h3>\n<p>Trifft f\u00fcr uns nicht zu.<\/p>\n","protected":false},"excerpt":{"rendered":"<p>Wer wir sind Die Adresse unserer Website ist: http:\/\/blog.lutz-kolbe.com. Welche personenbezogenen Daten wir sammeln und warum wir sie sammeln Kommentare Wenn Besucher Kommentare auf der Website schreiben, sammeln wir die Daten, die im Kommentar-Formular angezeigt werden, au\u00dferdem die IP-Adresse des &hellip; <a href=\"http:\/\/blog.lutz-kolbe.com\/?page_id=4364\">Weiterlesen <span class=\"meta-nav\">&rarr;<\/span><\/a><\/p>\n","protected":false},"author":1,"featured_media":0,"parent":0,"menu_order":4,"comment_status":"closed","ping_status":"closed","template":"","meta":{"footnotes":""},"class_list":["post-4364","page","type-page","status-publish","hentry"],"_links":{"self":[{"href":"http:\/\/blog.lutz-kolbe.com\/index.php?rest_route=\/wp\/v2\/pages\/4364","targetHints":{"allow":["GET"]}}],"collection":[{"href":"http:\/\/blog.lutz-kolbe.com\/index.php?rest_route=\/wp\/v2\/pages"}],"about":[{"href":"http:\/\/blog.lutz-kolbe.com\/index.php?rest_route=\/wp\/v2\/types\/page"}],"author":[{"embeddable":true,"href":"http:\/\/blog.lutz-kolbe.com\/index.php?rest_route=\/wp\/v2\/users\/1"}],"replies":[{"embeddable":true,"href":"http:\/\/blog.lutz-kolbe.com\/index.php?rest_route=%2Fwp%2Fv2%2Fcomments&post=4364"}],"version-history":[{"count":9,"href":"http:\/\/blog.lutz-kolbe.com\/index.php?rest_route=\/wp\/v2\/pages\/4364\/revisions"}],"predecessor-version":[{"id":4535,"href":"http:\/\/blog.lutz-kolbe.com\/index.php?rest_route=\/wp\/v2\/pages\/4364\/revisions\/4535"}],"wp:attachment":[{"href":"http:\/\/blog.lutz-kolbe.com\/index.php?rest_route=%2Fwp%2Fv2%2Fmedia&parent=4364"}],"curies":[{"name":"wp","href":"https:\/\/api.w.org\/{rel}","templated":true}]}}