{"id":4826,"date":"2019-02-23T11:25:19","date_gmt":"2019-02-23T11:25:19","guid":{"rendered":"http:\/\/blog.lutz-kolbe.com\/?page_id=4826"},"modified":"2022-10-09T15:50:25","modified_gmt":"2022-10-09T15:50:25","slug":"ferienhaus-o-capitao","status":"publish","type":"page","link":"http:\/\/blog.lutz-kolbe.com\/?page_id=4826","title":{"rendered":"&#8222;O Capitao&#8220;"},"content":{"rendered":"\n<p><a href=\"http:\/\/www.ferienhaus-faial-azoren.de\">&nbsp;www.ferienhaus-faial-azoren.de<\/a><\/p>\n\n\n\n<figure class=\"wp-block-gallery has-nested-images columns-default is-cropped wp-block-gallery-1 is-layout-flex wp-block-gallery-is-layout-flex\">\n<figure class=\"wp-block-image size-large is-style-default\"><a href=\"http:\/\/blog.lutz-kolbe.com\/wp-content\/uploads\/2020\/03\/IMG_20200305_161742-scaled.jpg\"><img loading=\"lazy\" decoding=\"async\" width=\"1024\" height=\"576\" data-id=\"5291\" src=\"http:\/\/blog.lutz-kolbe.com\/wp-content\/uploads\/2020\/03\/IMG_20200305_161742-1024x576.jpg\" alt=\"\" class=\"wp-image-5291\" srcset=\"http:\/\/blog.lutz-kolbe.com\/wp-content\/uploads\/2020\/03\/IMG_20200305_161742-1024x576.jpg 1024w, http:\/\/blog.lutz-kolbe.com\/wp-content\/uploads\/2020\/03\/IMG_20200305_161742-300x169.jpg 300w, http:\/\/blog.lutz-kolbe.com\/wp-content\/uploads\/2020\/03\/IMG_20200305_161742-768x432.jpg 768w, http:\/\/blog.lutz-kolbe.com\/wp-content\/uploads\/2020\/03\/IMG_20200305_161742-1536x864.jpg 1536w, http:\/\/blog.lutz-kolbe.com\/wp-content\/uploads\/2020\/03\/IMG_20200305_161742-2048x1152.jpg 2048w\" sizes=\"auto, (max-width: 1024px) 100vw, 1024px\" \/><\/a><\/figure>\n\n\n\n<figure class=\"wp-block-image size-large is-style-default\"><a href=\"http:\/\/blog.lutz-kolbe.com\/wp-content\/uploads\/2021\/01\/LRM_20201203_180318.jpg\"><img loading=\"lazy\" decoding=\"async\" width=\"1024\" height=\"768\" data-id=\"5889\" src=\"http:\/\/blog.lutz-kolbe.com\/wp-content\/uploads\/2021\/01\/LRM_20201203_180318-1024x768.jpg\" alt=\"\" class=\"wp-image-5889\" srcset=\"http:\/\/blog.lutz-kolbe.com\/wp-content\/uploads\/2021\/01\/LRM_20201203_180318-1024x768.jpg 1024w, http:\/\/blog.lutz-kolbe.com\/wp-content\/uploads\/2021\/01\/LRM_20201203_180318-300x225.jpg 300w, http:\/\/blog.lutz-kolbe.com\/wp-content\/uploads\/2021\/01\/LRM_20201203_180318-768x576.jpg 768w, http:\/\/blog.lutz-kolbe.com\/wp-content\/uploads\/2021\/01\/LRM_20201203_180318-1536x1152.jpg 1536w, http:\/\/blog.lutz-kolbe.com\/wp-content\/uploads\/2021\/01\/LRM_20201203_180318.jpg 2048w\" sizes=\"auto, (max-width: 1024px) 100vw, 1024px\" \/><\/a><\/figure>\n\n\n\n<figure class=\"wp-block-image size-large is-style-default\"><a href=\"http:\/\/blog.lutz-kolbe.com\/wp-content\/uploads\/2021\/01\/LRM_20201203_180347.jpg\"><img loading=\"lazy\" decoding=\"async\" width=\"1024\" height=\"768\" data-id=\"5890\" src=\"http:\/\/blog.lutz-kolbe.com\/wp-content\/uploads\/2021\/01\/LRM_20201203_180347-1024x768.jpg\" alt=\"\" class=\"wp-image-5890\" srcset=\"http:\/\/blog.lutz-kolbe.com\/wp-content\/uploads\/2021\/01\/LRM_20201203_180347-1024x768.jpg 1024w, http:\/\/blog.lutz-kolbe.com\/wp-content\/uploads\/2021\/01\/LRM_20201203_180347-300x225.jpg 300w, http:\/\/blog.lutz-kolbe.com\/wp-content\/uploads\/2021\/01\/LRM_20201203_180347-768x576.jpg 768w, http:\/\/blog.lutz-kolbe.com\/wp-content\/uploads\/2021\/01\/LRM_20201203_180347-1536x1152.jpg 1536w, http:\/\/blog.lutz-kolbe.com\/wp-content\/uploads\/2021\/01\/LRM_20201203_180347.jpg 2048w\" sizes=\"auto, (max-width: 1024px) 100vw, 1024px\" \/><\/a><\/figure>\n\n\n\n<figure class=\"wp-block-image size-large is-style-default\"><a href=\"http:\/\/blog.lutz-kolbe.com\/wp-content\/uploads\/2021\/01\/LRM_20201203_180404.jpg\"><img loading=\"lazy\" decoding=\"async\" width=\"1024\" height=\"768\" data-id=\"5891\" src=\"http:\/\/blog.lutz-kolbe.com\/wp-content\/uploads\/2021\/01\/LRM_20201203_180404-1024x768.jpg\" alt=\"\" class=\"wp-image-5891\" srcset=\"http:\/\/blog.lutz-kolbe.com\/wp-content\/uploads\/2021\/01\/LRM_20201203_180404-1024x768.jpg 1024w, http:\/\/blog.lutz-kolbe.com\/wp-content\/uploads\/2021\/01\/LRM_20201203_180404-300x225.jpg 300w, http:\/\/blog.lutz-kolbe.com\/wp-content\/uploads\/2021\/01\/LRM_20201203_180404-768x576.jpg 768w, http:\/\/blog.lutz-kolbe.com\/wp-content\/uploads\/2021\/01\/LRM_20201203_180404-1536x1152.jpg 1536w, http:\/\/blog.lutz-kolbe.com\/wp-content\/uploads\/2021\/01\/LRM_20201203_180404.jpg 2048w\" sizes=\"auto, (max-width: 1024px) 100vw, 1024px\" \/><\/a><\/figure>\n\n\n\n<figure class=\"wp-block-image size-large is-style-default\"><a href=\"http:\/\/blog.lutz-kolbe.com\/wp-content\/uploads\/2021\/01\/LRM_20201129_155512.jpg\"><img loading=\"lazy\" decoding=\"async\" width=\"1024\" height=\"768\" data-id=\"5888\" src=\"http:\/\/blog.lutz-kolbe.com\/wp-content\/uploads\/2021\/01\/LRM_20201129_155512-1024x768.jpg\" alt=\"\" class=\"wp-image-5888\" srcset=\"http:\/\/blog.lutz-kolbe.com\/wp-content\/uploads\/2021\/01\/LRM_20201129_155512-1024x768.jpg 1024w, http:\/\/blog.lutz-kolbe.com\/wp-content\/uploads\/2021\/01\/LRM_20201129_155512-300x225.jpg 300w, http:\/\/blog.lutz-kolbe.com\/wp-content\/uploads\/2021\/01\/LRM_20201129_155512-768x576.jpg 768w, http:\/\/blog.lutz-kolbe.com\/wp-content\/uploads\/2021\/01\/LRM_20201129_155512-1536x1152.jpg 1536w, http:\/\/blog.lutz-kolbe.com\/wp-content\/uploads\/2021\/01\/LRM_20201129_155512.jpg 2048w\" sizes=\"auto, (max-width: 1024px) 100vw, 1024px\" \/><\/a><\/figure>\n\n\n\n<figure class=\"wp-block-image size-large is-style-default\"><a href=\"http:\/\/blog.lutz-kolbe.com\/wp-content\/uploads\/2021\/01\/LRM_20201103_123251a.jpg\"><img loading=\"lazy\" decoding=\"async\" width=\"1024\" height=\"768\" data-id=\"5887\" src=\"http:\/\/blog.lutz-kolbe.com\/wp-content\/uploads\/2021\/01\/LRM_20201103_123251a.jpg\" alt=\"\" class=\"wp-image-5887\" srcset=\"http:\/\/blog.lutz-kolbe.com\/wp-content\/uploads\/2021\/01\/LRM_20201103_123251a.jpg 1024w, http:\/\/blog.lutz-kolbe.com\/wp-content\/uploads\/2021\/01\/LRM_20201103_123251a-300x225.jpg 300w, http:\/\/blog.lutz-kolbe.com\/wp-content\/uploads\/2021\/01\/LRM_20201103_123251a-768x576.jpg 768w\" sizes=\"auto, (max-width: 1024px) 100vw, 1024px\" \/><\/a><\/figure>\n\n\n\n<figure class=\"wp-block-image size-large is-style-default\"><a href=\"http:\/\/blog.lutz-kolbe.com\/wp-content\/uploads\/2021\/01\/LRM_20201224_160856.jpg\"><img loading=\"lazy\" decoding=\"async\" width=\"1024\" height=\"768\" data-id=\"5892\" src=\"http:\/\/blog.lutz-kolbe.com\/wp-content\/uploads\/2021\/01\/LRM_20201224_160856-1024x768.jpg\" alt=\"\" class=\"wp-image-5892\" srcset=\"http:\/\/blog.lutz-kolbe.com\/wp-content\/uploads\/2021\/01\/LRM_20201224_160856-1024x768.jpg 1024w, http:\/\/blog.lutz-kolbe.com\/wp-content\/uploads\/2021\/01\/LRM_20201224_160856-300x225.jpg 300w, http:\/\/blog.lutz-kolbe.com\/wp-content\/uploads\/2021\/01\/LRM_20201224_160856-768x576.jpg 768w, http:\/\/blog.lutz-kolbe.com\/wp-content\/uploads\/2021\/01\/LRM_20201224_160856-1536x1152.jpg 1536w, http:\/\/blog.lutz-kolbe.com\/wp-content\/uploads\/2021\/01\/LRM_20201224_160856.jpg 2048w\" sizes=\"auto, (max-width: 1024px) 100vw, 1024px\" \/><\/a><\/figure>\n\n\n\n<figure class=\"wp-block-image size-large is-style-default\"><a href=\"http:\/\/blog.lutz-kolbe.com\/wp-content\/uploads\/2021\/01\/LRM_20201224_160922.jpg\"><img loading=\"lazy\" decoding=\"async\" width=\"1024\" height=\"768\" data-id=\"5894\" src=\"http:\/\/blog.lutz-kolbe.com\/wp-content\/uploads\/2021\/01\/LRM_20201224_160922-1024x768.jpg\" alt=\"\" class=\"wp-image-5894\" srcset=\"http:\/\/blog.lutz-kolbe.com\/wp-content\/uploads\/2021\/01\/LRM_20201224_160922-1024x768.jpg 1024w, http:\/\/blog.lutz-kolbe.com\/wp-content\/uploads\/2021\/01\/LRM_20201224_160922-300x225.jpg 300w, http:\/\/blog.lutz-kolbe.com\/wp-content\/uploads\/2021\/01\/LRM_20201224_160922-768x576.jpg 768w, http:\/\/blog.lutz-kolbe.com\/wp-content\/uploads\/2021\/01\/LRM_20201224_160922-1536x1152.jpg 1536w, http:\/\/blog.lutz-kolbe.com\/wp-content\/uploads\/2021\/01\/LRM_20201224_160922.jpg 2048w\" sizes=\"auto, (max-width: 1024px) 100vw, 1024px\" \/><\/a><\/figure>\n\n\n\n<figure class=\"wp-block-image size-large is-style-default\"><a href=\"http:\/\/blog.lutz-kolbe.com\/wp-content\/uploads\/2021\/01\/LRM_20201224_160905.jpg\"><img loading=\"lazy\" decoding=\"async\" width=\"1024\" height=\"768\" data-id=\"5893\" src=\"http:\/\/blog.lutz-kolbe.com\/wp-content\/uploads\/2021\/01\/LRM_20201224_160905-1024x768.jpg\" alt=\"\" class=\"wp-image-5893\" srcset=\"http:\/\/blog.lutz-kolbe.com\/wp-content\/uploads\/2021\/01\/LRM_20201224_160905-1024x768.jpg 1024w, http:\/\/blog.lutz-kolbe.com\/wp-content\/uploads\/2021\/01\/LRM_20201224_160905-300x225.jpg 300w, http:\/\/blog.lutz-kolbe.com\/wp-content\/uploads\/2021\/01\/LRM_20201224_160905-768x576.jpg 768w, http:\/\/blog.lutz-kolbe.com\/wp-content\/uploads\/2021\/01\/LRM_20201224_160905-1536x1152.jpg 1536w, http:\/\/blog.lutz-kolbe.com\/wp-content\/uploads\/2021\/01\/LRM_20201224_160905.jpg 2048w\" sizes=\"auto, (max-width: 1024px) 100vw, 1024px\" \/><\/a><\/figure>\n\n\n\n<figure class=\"wp-block-image size-large is-style-default\"><a href=\"http:\/\/blog.lutz-kolbe.com\/wp-content\/uploads\/2021\/01\/LRM_20201224_160934.jpg\"><img loading=\"lazy\" decoding=\"async\" width=\"1024\" height=\"768\" data-id=\"5895\" src=\"http:\/\/blog.lutz-kolbe.com\/wp-content\/uploads\/2021\/01\/LRM_20201224_160934-1024x768.jpg\" alt=\"\" class=\"wp-image-5895\" srcset=\"http:\/\/blog.lutz-kolbe.com\/wp-content\/uploads\/2021\/01\/LRM_20201224_160934-1024x768.jpg 1024w, http:\/\/blog.lutz-kolbe.com\/wp-content\/uploads\/2021\/01\/LRM_20201224_160934-300x225.jpg 300w, http:\/\/blog.lutz-kolbe.com\/wp-content\/uploads\/2021\/01\/LRM_20201224_160934-768x576.jpg 768w, http:\/\/blog.lutz-kolbe.com\/wp-content\/uploads\/2021\/01\/LRM_20201224_160934-1536x1152.jpg 1536w, http:\/\/blog.lutz-kolbe.com\/wp-content\/uploads\/2021\/01\/LRM_20201224_160934.jpg 2048w\" sizes=\"auto, (max-width: 1024px) 100vw, 1024px\" \/><\/a><\/figure>\n\n\n\n<figure class=\"wp-block-image size-large is-style-default\"><a href=\"http:\/\/blog.lutz-kolbe.com\/wp-content\/uploads\/2021\/01\/LRM_20201224_160956.jpg\"><img loading=\"lazy\" decoding=\"async\" width=\"1024\" height=\"768\" data-id=\"5896\" src=\"http:\/\/blog.lutz-kolbe.com\/wp-content\/uploads\/2021\/01\/LRM_20201224_160956-1024x768.jpg\" alt=\"\" class=\"wp-image-5896\" srcset=\"http:\/\/blog.lutz-kolbe.com\/wp-content\/uploads\/2021\/01\/LRM_20201224_160956-1024x768.jpg 1024w, http:\/\/blog.lutz-kolbe.com\/wp-content\/uploads\/2021\/01\/LRM_20201224_160956-300x225.jpg 300w, http:\/\/blog.lutz-kolbe.com\/wp-content\/uploads\/2021\/01\/LRM_20201224_160956-768x576.jpg 768w, http:\/\/blog.lutz-kolbe.com\/wp-content\/uploads\/2021\/01\/LRM_20201224_160956-1536x1152.jpg 1536w, http:\/\/blog.lutz-kolbe.com\/wp-content\/uploads\/2021\/01\/LRM_20201224_160956.jpg 2048w\" sizes=\"auto, (max-width: 1024px) 100vw, 1024px\" \/><\/a><\/figure>\n\n\n\n<figure class=\"wp-block-image size-large is-style-default\"><a href=\"http:\/\/blog.lutz-kolbe.com\/wp-content\/uploads\/2021\/01\/LRM_20201224_161009.jpg\"><img loading=\"lazy\" decoding=\"async\" width=\"1024\" height=\"768\" data-id=\"5897\" src=\"http:\/\/blog.lutz-kolbe.com\/wp-content\/uploads\/2021\/01\/LRM_20201224_161009-1024x768.jpg\" alt=\"\" class=\"wp-image-5897\" srcset=\"http:\/\/blog.lutz-kolbe.com\/wp-content\/uploads\/2021\/01\/LRM_20201224_161009-1024x768.jpg 1024w, http:\/\/blog.lutz-kolbe.com\/wp-content\/uploads\/2021\/01\/LRM_20201224_161009-300x225.jpg 300w, http:\/\/blog.lutz-kolbe.com\/wp-content\/uploads\/2021\/01\/LRM_20201224_161009-768x576.jpg 768w, http:\/\/blog.lutz-kolbe.com\/wp-content\/uploads\/2021\/01\/LRM_20201224_161009-1536x1152.jpg 1536w, http:\/\/blog.lutz-kolbe.com\/wp-content\/uploads\/2021\/01\/LRM_20201224_161009.jpg 2048w\" sizes=\"auto, (max-width: 1024px) 100vw, 1024px\" \/><\/a><\/figure>\n\n\n\n<figure class=\"wp-block-image size-large is-style-default\"><a href=\"http:\/\/blog.lutz-kolbe.com\/wp-content\/uploads\/2021\/01\/LRM_20201224_161018.jpg\"><img loading=\"lazy\" decoding=\"async\" width=\"1024\" height=\"768\" data-id=\"5898\" src=\"http:\/\/blog.lutz-kolbe.com\/wp-content\/uploads\/2021\/01\/LRM_20201224_161018-1024x768.jpg\" alt=\"\" class=\"wp-image-5898\" srcset=\"http:\/\/blog.lutz-kolbe.com\/wp-content\/uploads\/2021\/01\/LRM_20201224_161018-1024x768.jpg 1024w, http:\/\/blog.lutz-kolbe.com\/wp-content\/uploads\/2021\/01\/LRM_20201224_161018-300x225.jpg 300w, http:\/\/blog.lutz-kolbe.com\/wp-content\/uploads\/2021\/01\/LRM_20201224_161018-768x576.jpg 768w, http:\/\/blog.lutz-kolbe.com\/wp-content\/uploads\/2021\/01\/LRM_20201224_161018-1536x1152.jpg 1536w, http:\/\/blog.lutz-kolbe.com\/wp-content\/uploads\/2021\/01\/LRM_20201224_161018.jpg 2048w\" sizes=\"auto, (max-width: 1024px) 100vw, 1024px\" \/><\/a><\/figure>\n<\/figure>\n\n\n\n<p>Unser Ferienhaus ist aus einheimischem Holz gebaut, doppelwandig und voll isoliert. <br>Die Ausstattung ist wie folgt:<br>&#8211; Freistehendes Holzhaus in ruhiger Lage mit gro\u00dfem Garten und Meerblick;<br>&#8211; W\u00e4rmepumpe zum Heizen, K\u00fchlen und Entfeuchten;<br>&#8211; K\u00fcche;<br>&#8211; Bad mit Dusche und Bidet;<br>&#8211; Schlafgelegenheiten f\u00fcr 2 Erwachsene, plus auf Wunsch f\u00fcr 2 Kinder;<br>&#8211; Waschtrockner;<br>&#8211; Internet;<br>&#8211; TV (\u00fcber Internet) mit Blue-ray Player<\/p>\n\n\n\n<p>Der Mietpreis betr\u00e4gt 75\u20ac pro Tag bzw. 490\u20ac pro Woche. Dazu kommt die einmalige Reinigungsgeb\u00fchr von 25\u20ac.<br><\/p>\n","protected":false},"excerpt":{"rendered":"<p>&nbsp;www.ferienhaus-faial-azoren.de Unser Ferienhaus ist aus einheimischem Holz gebaut, doppelwandig und voll isoliert. Die Ausstattung ist wie folgt:&#8211; Freistehendes Holzhaus in ruhiger Lage mit gro\u00dfem Garten und Meerblick;&#8211; W\u00e4rmepumpe zum Heizen, K\u00fchlen und Entfeuchten;&#8211; K\u00fcche;&#8211; Bad mit Dusche und Bidet;&#8211; Schlafgelegenheiten &hellip; <a href=\"http:\/\/blog.lutz-kolbe.com\/?page_id=4826\">Weiterlesen <span class=\"meta-nav\">&rarr;<\/span><\/a><\/p>\n","protected":false},"author":1,"featured_media":0,"parent":0,"menu_order":0,"comment_status":"closed","ping_status":"closed","template":"","meta":{"footnotes":""},"class_list":["post-4826","page","type-page","status-publish","hentry"],"_links":{"self":[{"href":"http:\/\/blog.lutz-kolbe.com\/index.php?rest_route=\/wp\/v2\/pages\/4826","targetHints":{"allow":["GET"]}}],"collection":[{"href":"http:\/\/blog.lutz-kolbe.com\/index.php?rest_route=\/wp\/v2\/pages"}],"about":[{"href":"http:\/\/blog.lutz-kolbe.com\/index.php?rest_route=\/wp\/v2\/types\/page"}],"author":[{"embeddable":true,"href":"http:\/\/blog.lutz-kolbe.com\/index.php?rest_route=\/wp\/v2\/users\/1"}],"replies":[{"embeddable":true,"href":"http:\/\/blog.lutz-kolbe.com\/index.php?rest_route=%2Fwp%2Fv2%2Fcomments&post=4826"}],"version-history":[{"count":17,"href":"http:\/\/blog.lutz-kolbe.com\/index.php?rest_route=\/wp\/v2\/pages\/4826\/revisions"}],"predecessor-version":[{"id":6815,"href":"http:\/\/blog.lutz-kolbe.com\/index.php?rest_route=\/wp\/v2\/pages\/4826\/revisions\/6815"}],"wp:attachment":[{"href":"http:\/\/blog.lutz-kolbe.com\/index.php?rest_route=%2Fwp%2Fv2%2Fmedia&parent=4826"}],"curies":[{"name":"wp","href":"https:\/\/api.w.org\/{rel}","templated":true}]}}