{"id":6641,"date":"2022-06-04T18:03:32","date_gmt":"2022-06-04T18:03:32","guid":{"rendered":"http:\/\/blog.lutz-kolbe.com\/?page_id=6641"},"modified":"2022-06-04T18:10:10","modified_gmt":"2022-06-04T18:10:10","slug":"reisefuehrer-azoren","status":"publish","type":"page","link":"http:\/\/blog.lutz-kolbe.com\/?page_id=6641","title":{"rendered":"Reisef\u00fchrer Azoren"},"content":{"rendered":"\n<figure class=\"wp-block-gallery has-nested-images columns-default is-cropped wp-block-gallery-1 is-layout-flex wp-block-gallery-is-layout-flex\">\n<figure class=\"wp-block-image size-large is-style-default\"><a href=\"http:\/\/blog.lutz-kolbe.com\/wp-content\/uploads\/2022\/06\/Insel-Trip-Azoren.jpg\"><img loading=\"lazy\" decoding=\"async\" width=\"570\" height=\"957\" data-id=\"6642\" src=\"http:\/\/blog.lutz-kolbe.com\/wp-content\/uploads\/2022\/06\/Insel-Trip-Azoren.jpg\" alt=\"\" class=\"wp-image-6642\" srcset=\"http:\/\/blog.lutz-kolbe.com\/wp-content\/uploads\/2022\/06\/Insel-Trip-Azoren.jpg 570w, http:\/\/blog.lutz-kolbe.com\/wp-content\/uploads\/2022\/06\/Insel-Trip-Azoren-179x300.jpg 179w\" sizes=\"auto, (max-width: 570px) 100vw, 570px\" \/><\/a><\/figure>\n<\/figure>\n\n\n\n<p>Ja, ich habe nebenbei auch ein Buch geschrieben. Es ist nach meinem Wissensstand einer von 4 deutschen Reisef\u00fchrern \u00fcber die Azoren. Nach \u00fcber 2 Jahren harter Arbeit kann ich nur sagen, ich finde ihn gut. Aber eure Meinung ist nat\u00fcrlich wichtiger. Also freue ich mich \u00fcber eure Kritik, und f\u00fcr einen alten QM sind nat\u00fcrlich Verbesserungsvorschl\u00e4ge sehr willkommen!<\/p>\n","protected":false},"excerpt":{"rendered":"<p>Ja, ich habe nebenbei auch ein Buch geschrieben. Es ist nach meinem Wissensstand einer von 4 deutschen Reisef\u00fchrern \u00fcber die Azoren. Nach \u00fcber 2 Jahren harter Arbeit kann ich nur sagen, ich finde ihn gut. Aber eure Meinung ist nat\u00fcrlich &hellip; <a href=\"http:\/\/blog.lutz-kolbe.com\/?page_id=6641\">Weiterlesen <span class=\"meta-nav\">&rarr;<\/span><\/a><\/p>\n","protected":false},"author":1,"featured_media":0,"parent":0,"menu_order":0,"comment_status":"closed","ping_status":"closed","template":"","meta":{"footnotes":""},"class_list":["post-6641","page","type-page","status-publish","hentry"],"_links":{"self":[{"href":"http:\/\/blog.lutz-kolbe.com\/index.php?rest_route=\/wp\/v2\/pages\/6641","targetHints":{"allow":["GET"]}}],"collection":[{"href":"http:\/\/blog.lutz-kolbe.com\/index.php?rest_route=\/wp\/v2\/pages"}],"about":[{"href":"http:\/\/blog.lutz-kolbe.com\/index.php?rest_route=\/wp\/v2\/types\/page"}],"author":[{"embeddable":true,"href":"http:\/\/blog.lutz-kolbe.com\/index.php?rest_route=\/wp\/v2\/users\/1"}],"replies":[{"embeddable":true,"href":"http:\/\/blog.lutz-kolbe.com\/index.php?rest_route=%2Fwp%2Fv2%2Fcomments&post=6641"}],"version-history":[{"count":1,"href":"http:\/\/blog.lutz-kolbe.com\/index.php?rest_route=\/wp\/v2\/pages\/6641\/revisions"}],"predecessor-version":[{"id":6643,"href":"http:\/\/blog.lutz-kolbe.com\/index.php?rest_route=\/wp\/v2\/pages\/6641\/revisions\/6643"}],"wp:attachment":[{"href":"http:\/\/blog.lutz-kolbe.com\/index.php?rest_route=%2Fwp%2Fv2%2Fmedia&parent=6641"}],"curies":[{"name":"wp","href":"https:\/\/api.w.org\/{rel}","templated":true}]}}